{"id":25,"date":"2026-04-21T15:08:13","date_gmt":"2026-04-21T15:08:13","guid":{"rendered":"https:\/\/dichvulamnhanhchong.com\/?page_id=25"},"modified":"2026-04-21T15:25:03","modified_gmt":"2026-04-21T15:25:03","slug":"25-2","status":"publish","type":"page","link":"https:\/\/dichvulamnhanhchong.com\/","title":{"rendered":"may bom"},"content":{"rendered":"\n\t<div class=\"img has-hover x md-x lg-x y md-y lg-y\" id=\"image_817283324\">\n\t\t\t\t\t\t\t\t<div class=\"img-inner dark\" >\n\t\t\t<img loading=\"lazy\" decoding=\"async\" width=\"1020\" height=\"627\" src=\"https:\/\/dichvulamnhanhchong.com\/wp-content\/uploads\/2026\/04\/3.png\" class=\"attachment-large size-large\" alt=\"\" srcset=\"https:\/\/dichvulamnhanhchong.com\/wp-content\/uploads\/2026\/04\/3.png 1020w, https:\/\/dichvulamnhanhchong.com\/wp-content\/uploads\/2026\/04\/3-300x184.png 300w, https:\/\/dichvulamnhanhchong.com\/wp-content\/uploads\/2026\/04\/3-768x472.png 768w\" sizes=\"auto, (max-width: 1020px) 100vw, 1020px\" \/>\t\t\t\t\t\t\n\t\t\t\t\t<\/div>\n\t\t\t\t\t\t\t\t\n<style>\n#image_817283324 {\n  width: 100%;\n}\n<\/style>\n\t<\/div>\n\t\n\n<h2 style=\"text-align: center;\"><strong><span style=\"color: #ff6600;\">HOTLINE<\/span> \u2013 <\/strong><strong>Tr\u1ea7n Ho\u00e0i Nam<\/strong><strong> <span style=\"color: #ff0000;\">087.634.7407<\/span><\/strong><\/h2>\n<h2 style=\"text-align: center;\"><strong>Li\u00ean h\u1ec7 zalo: Tr\u1ea7n Ho\u00e0i Nam<\/strong><strong> <span style=\"color: #ff0000;\">087.634.7407<\/span><\/strong><\/h2>\n\t<div class=\"img has-hover x md-x lg-x y md-y lg-y\" id=\"image_1939474861\">\n\t\t\t\t\t\t\t\t<div class=\"img-inner dark\" >\n\t\t\t<img loading=\"lazy\" decoding=\"async\" width=\"287\" height=\"147\" src=\"https:\/\/dichvulamnhanhchong.com\/wp-content\/uploads\/2026\/04\/quan-hong-2.png\" class=\"attachment-large size-large\" alt=\"\" \/>\t\t\t\t\t\t\n\t\t\t\t\t<\/div>\n\t\t\t\t\t\t\t\t\n<style>\n#image_1939474861 {\n  width: 100%;\n}\n<\/style>\n\t<\/div>\n\t\n\n\t<div class=\"img has-hover x md-x lg-x y md-y lg-y\" id=\"image_2076987612\">\n\t\t\t\t\t\t\t\t<div class=\"img-inner dark\" >\n\t\t\t<img loading=\"lazy\" decoding=\"async\" width=\"754\" height=\"475\" src=\"https:\/\/dichvulamnhanhchong.com\/wp-content\/uploads\/2026\/04\/5.png\" class=\"attachment-large size-large\" alt=\"\" srcset=\"https:\/\/dichvulamnhanhchong.com\/wp-content\/uploads\/2026\/04\/5.png 754w, https:\/\/dichvulamnhanhchong.com\/wp-content\/uploads\/2026\/04\/5-300x189.png 300w\" sizes=\"auto, (max-width: 754px) 100vw, 754px\" \/>\t\t\t\t\t\t\n\t\t\t\t\t<\/div>\n\t\t\t\t\t\t\t\t\n<style>\n#image_2076987612 {\n  width: 100%;\n}\n<\/style>\n\t<\/div>\n\t\n\n<h2 style=\"text-align: center;\"><strong><span style=\"color: #ff6600;\">HOTLINE<\/span> \u2013 <\/strong><strong>Tr\u1ea7n Ho\u00e0i Nam<\/strong><strong> <span style=\"color: #ff0000;\">087.634.7407<\/span><\/strong><\/h2>\n<h2 style=\"text-align: center;\"><strong>Li\u00ean h\u1ec7 zalo: Tr\u1ea7n Ho\u00e0i Nam<\/strong><strong> <span style=\"color: #ff0000;\">087.634.7407<\/span><\/strong><\/h2>\n<h4 style=\"text-align: center;\"><strong>H.\u1ed7 tr.\u1ee3 online mi\u1ec5n ph\u00ed, g\u1ecdi \u0111i\u1ec7n l\u00e0 ch\u00fang t\u00f4i ph\u1ea3n h\u1ed3i ngay. Kh\u00f4ng \u0111\u1ec3 qu\u00fd kh\u00e1ch h\u00e0ng ph\u1ea3i ch\u1edd \u0111\u1ee3i.<\/strong><\/h4>\n<h4 style=\"text-align: center;\"><strong>S.\u1ea3n ph\u1ea9.m l.\u00e0m ra ch.\u1ea5t l\u01b0.\u1ee3ng, a.n to.\u00e0n, y.\u00ean t\u00e2.m s.\u1eed d\u1ee5.ng l.\u00e2u d.\u00e0i.<\/strong><\/h4>\n<h4 style=\"text-align: center;\"><strong>Chu.\u1ea9n m.\u1eabu m.\u00e3 v\u00e0 \u0111\u00fa.ng th.\u00f4ng ti.n ch\u00ed.nh x.\u00e1c nh.\u1ea5t, b\u1ea1n s\u1ebd r.\u1ea5t h\u00e0.i l\u00f2.ng v.\u1edbi d\u1ecbc.h v.\u1ee5 c\u1ee7a ch\u00fang t\u00f4i<\/strong><\/h4>\n\t<div class=\"img has-hover x md-x lg-x y md-y lg-y\" id=\"image_857320941\">\n\t\t\t\t\t\t\t\t<div class=\"img-inner dark\" >\n\t\t\t<img loading=\"lazy\" decoding=\"async\" width=\"999\" height=\"575\" src=\"https:\/\/dichvulamnhanhchong.com\/wp-content\/uploads\/2026\/04\/7.png\" class=\"attachment-large size-large\" alt=\"\" srcset=\"https:\/\/dichvulamnhanhchong.com\/wp-content\/uploads\/2026\/04\/7.png 999w, https:\/\/dichvulamnhanhchong.com\/wp-content\/uploads\/2026\/04\/7-300x173.png 300w, https:\/\/dichvulamnhanhchong.com\/wp-content\/uploads\/2026\/04\/7-768x442.png 768w\" sizes=\"auto, (max-width: 999px) 100vw, 999px\" \/>\t\t\t\t\t\t\n\t\t\t\t\t<\/div>\n\t\t\t\t\t\t\t\t\n<style>\n#image_857320941 {\n  width: 100%;\n}\n<\/style>\n\t<\/div>\n\t\n\n\t<div class=\"img has-hover x md-x lg-x y md-y lg-y\" id=\"image_792072489\">\n\t\t\t\t\t\t\t\t<div class=\"img-inner dark\" >\n\t\t\t<img loading=\"lazy\" decoding=\"async\" width=\"1020\" height=\"501\" src=\"https:\/\/dichvulamnhanhchong.com\/wp-content\/uploads\/2026\/04\/anh-7-1024x503.png\" class=\"attachment-large size-large\" alt=\"\" srcset=\"https:\/\/dichvulamnhanhchong.com\/wp-content\/uploads\/2026\/04\/anh-7-1024x503.png 1024w, https:\/\/dichvulamnhanhchong.com\/wp-content\/uploads\/2026\/04\/anh-7-300x147.png 300w, https:\/\/dichvulamnhanhchong.com\/wp-content\/uploads\/2026\/04\/anh-7-768x377.png 768w, https:\/\/dichvulamnhanhchong.com\/wp-content\/uploads\/2026\/04\/anh-7.png 1037w\" sizes=\"auto, (max-width: 1020px) 100vw, 1020px\" \/>\t\t\t\t\t\t\n\t\t\t\t\t<\/div>\n\t\t\t\t\t\t\t\t\n<style>\n#image_792072489 {\n  width: 100%;\n}\n<\/style>\n\t<\/div>\n\t\n\n<h2 style=\"text-align: center;\"><strong><span style=\"color: #ff6600;\">HOTLINE<\/span> \u2013 <\/strong><strong>Tr\u1ea7n Ho\u00e0i Nam<\/strong><strong> <span style=\"color: #ff0000;\">087.634.7407<\/span><\/strong><\/h2>\n<h2 style=\"text-align: center;\"><strong>Li\u00ean h\u1ec7 zalo: Tr\u1ea7n Ho\u00e0i Nam<\/strong><strong> <span style=\"color: #ff0000;\">087.634.7407<\/span><\/strong><\/h2>\n<h2 style=\"text-align: center;\"><strong> <\/strong><\/h2>\n<h3 style=\"text-align: center;\"><span style=\"color: #ff0000;\">C\u00e1c M\u1eabu B\u00ean Ch\u00fang T\u00f4i:<\/span><\/h3>\n<div class=\"row\"  id=\"row-1477874187\">\n\n\n\t<div id=\"col-2065787941\" class=\"col medium-4 small-12 large-4\"  >\n\t\t\t\t<div class=\"col-inner\"  >\n\t\t\t\n\t\t\t\n\n\t<div class=\"img has-hover x md-x lg-x y md-y lg-y\" id=\"image_1570640965\">\n\t\t\t\t\t\t\t\t<div class=\"img-inner dark\" >\n\t\t\t<img loading=\"lazy\" decoding=\"async\" width=\"787\" height=\"552\" src=\"https:\/\/dichvulamnhanhchong.com\/wp-content\/uploads\/2026\/04\/moi-6.png\" class=\"attachment-large size-large\" alt=\"\" srcset=\"https:\/\/dichvulamnhanhchong.com\/wp-content\/uploads\/2026\/04\/moi-6.png 787w, https:\/\/dichvulamnhanhchong.com\/wp-content\/uploads\/2026\/04\/moi-6-300x210.png 300w, https:\/\/dichvulamnhanhchong.com\/wp-content\/uploads\/2026\/04\/moi-6-768x539.png 768w\" sizes=\"auto, (max-width: 787px) 100vw, 787px\" \/>\t\t\t\t\t\t\n\t\t\t\t\t<\/div>\n\t\t\t\t\t\t\t\t\n<style>\n#image_1570640965 {\n  width: 100%;\n}\n<\/style>\n\t<\/div>\n\t\n\n\n\t\t<\/div>\n\t\t\t\t\t<\/div>\n\n\t\n\n\t<div id=\"col-988686864\" class=\"col medium-4 small-12 large-4\"  >\n\t\t\t\t<div class=\"col-inner\"  >\n\t\t\t\n\t\t\t\n\n\t<div class=\"img has-hover x md-x lg-x y md-y lg-y\" id=\"image_1657362041\">\n\t\t\t\t\t\t\t\t<div class=\"img-inner dark\" >\n\t\t\t<img loading=\"lazy\" decoding=\"async\" width=\"652\" height=\"560\" src=\"https:\/\/dichvulamnhanhchong.com\/wp-content\/uploads\/2026\/04\/cu7.png\" class=\"attachment-large size-large\" alt=\"\" srcset=\"https:\/\/dichvulamnhanhchong.com\/wp-content\/uploads\/2026\/04\/cu7.png 652w, https:\/\/dichvulamnhanhchong.com\/wp-content\/uploads\/2026\/04\/cu7-300x258.png 300w\" sizes=\"auto, (max-width: 652px) 100vw, 652px\" \/>\t\t\t\t\t\t\n\t\t\t\t\t<\/div>\n\t\t\t\t\t\t\t\t\n<style>\n#image_1657362041 {\n  width: 100%;\n}\n<\/style>\n\t<\/div>\n\t\n\n\n\t\t<\/div>\n\t\t\t\t\t<\/div>\n\n\t\n\n\t<div id=\"col-1390009917\" class=\"col medium-4 small-12 large-4\"  >\n\t\t\t\t<div class=\"col-inner\"  >\n\t\t\t\n\t\t\t\n\n\t<div class=\"img has-hover x md-x lg-x y md-y lg-y\" id=\"image_1222846422\">\n\t\t\t\t\t\t\t\t<div class=\"img-inner dark\" >\n\t\t\t<img loading=\"lazy\" decoding=\"async\" width=\"964\" height=\"651\" src=\"https:\/\/dichvulamnhanhchong.com\/wp-content\/uploads\/2026\/04\/anh-3.png\" class=\"attachment-large size-large\" alt=\"\" srcset=\"https:\/\/dichvulamnhanhchong.com\/wp-content\/uploads\/2026\/04\/anh-3.png 964w, https:\/\/dichvulamnhanhchong.com\/wp-content\/uploads\/2026\/04\/anh-3-300x203.png 300w, https:\/\/dichvulamnhanhchong.com\/wp-content\/uploads\/2026\/04\/anh-3-768x519.png 768w\" sizes=\"auto, (max-width: 964px) 100vw, 964px\" \/>\t\t\t\t\t\t\n\t\t\t\t\t<\/div>\n\t\t\t\t\t\t\t\t\n<style>\n#image_1222846422 {\n  width: 100%;\n}\n<\/style>\n\t<\/div>\n\t\n\n\n\t\t<\/div>\n\t\t\t\t\t<\/div>\n\n\t\n\n<\/div>\n<div class=\"row\"  id=\"row-65651102\">\n\n\n\t<div id=\"col-968994376\" class=\"col medium-4 small-12 large-4\"  >\n\t\t\t\t<div class=\"col-inner\"  >\n\t\t\t\n\t\t\t\n\n\t<div class=\"img has-hover x md-x lg-x y md-y lg-y\" id=\"image_56692946\">\n\t\t\t\t\t\t\t\t<div class=\"img-inner dark\" >\n\t\t\t<img loading=\"lazy\" decoding=\"async\" width=\"266\" height=\"192\" src=\"https:\/\/dichvulamnhanhchong.com\/wp-content\/uploads\/2026\/04\/6.png\" class=\"attachment-large size-large\" alt=\"\" \/>\t\t\t\t\t\t\n\t\t\t\t\t<\/div>\n\t\t\t\t\t\t\t\t\n<style>\n#image_56692946 {\n  width: 100%;\n}\n<\/style>\n\t<\/div>\n\t\n\n\n\t\t<\/div>\n\t\t\t\t\t<\/div>\n\n\t\n\n\t<div id=\"col-1471374427\" class=\"col medium-4 small-12 large-4\"  >\n\t\t\t\t<div class=\"col-inner\"  >\n\t\t\t\n\t\t\t\n\n\t<div class=\"img has-hover x md-x lg-x y md-y lg-y\" id=\"image_1567595767\">\n\t\t\t\t\t\t\t\t<div class=\"img-inner dark\" >\n\t\t\t<img loading=\"lazy\" decoding=\"async\" width=\"768\" height=\"1024\" src=\"https:\/\/dichvulamnhanhchong.com\/wp-content\/uploads\/2026\/04\/2-768x1024.jpg\" class=\"attachment-large size-large\" alt=\"\" srcset=\"https:\/\/dichvulamnhanhchong.com\/wp-content\/uploads\/2026\/04\/2-768x1024.jpg 768w, https:\/\/dichvulamnhanhchong.com\/wp-content\/uploads\/2026\/04\/2-225x300.jpg 225w, https:\/\/dichvulamnhanhchong.com\/wp-content\/uploads\/2026\/04\/2.jpg 960w\" sizes=\"auto, (max-width: 768px) 100vw, 768px\" \/>\t\t\t\t\t\t\n\t\t\t\t\t<\/div>\n\t\t\t\t\t\t\t\t\n<style>\n#image_1567595767 {\n  width: 100%;\n}\n<\/style>\n\t<\/div>\n\t\n\n\n\t\t<\/div>\n\t\t\t\t\t<\/div>\n\n\t\n\n\t<div id=\"col-727292249\" class=\"col medium-4 small-12 large-4\"  >\n\t\t\t\t<div class=\"col-inner\"  >\n\t\t\t\n\t\t\t\n\n\t<div class=\"img has-hover x md-x lg-x y md-y lg-y\" id=\"image_2009193578\">\n\t\t\t\t\t\t\t\t<div class=\"img-inner dark\" >\n\t\t\t<img loading=\"lazy\" decoding=\"async\" width=\"768\" height=\"1024\" src=\"https:\/\/dichvulamnhanhchong.com\/wp-content\/uploads\/2026\/04\/1-768x1024.jpg\" class=\"attachment-large size-large\" alt=\"\" srcset=\"https:\/\/dichvulamnhanhchong.com\/wp-content\/uploads\/2026\/04\/1-768x1024.jpg 768w, https:\/\/dichvulamnhanhchong.com\/wp-content\/uploads\/2026\/04\/1-225x300.jpg 225w, https:\/\/dichvulamnhanhchong.com\/wp-content\/uploads\/2026\/04\/1.jpg 960w\" sizes=\"auto, (max-width: 768px) 100vw, 768px\" \/>\t\t\t\t\t\t\n\t\t\t\t\t<\/div>\n\t\t\t\t\t\t\t\t\n<style>\n#image_2009193578 {\n  width: 100%;\n}\n<\/style>\n\t<\/div>\n\t\n\n\n\t\t<\/div>\n\t\t\t\t\t<\/div>\n\n\t\n\n<\/div>\n<p><span style=\"color: #ffffff;\"><strong>M\u00e1y phun thu\u1ed1c tr\u1eeb s\u00e2u\u00a0 4HP<\/strong><\/span><\/p>\n<p><span style=\"color: #ffffff;\">Xu\u1ea5t x\u1ee9 : Nh\u1eadt b\u00e3i<\/span><\/p>\n<p><span style=\"color: #ffffff;\">T\u00ecnh tr\u1ea1ng : \u0110\u00e3 qua s\u1eed d\u1ee5ng<\/span><\/p>\n<p>\u00a0<\/p>\n<p><span style=\"color: #ffffff;\"><strong>M\u00e1y phun thu\u1ed1c tr\u1eeb s\u00e2u 4HP \u01b0u \u0111i\u1ec3m v\u01b0\u1ee3t tr\u1ed9i<\/strong><\/span><\/p>\n<p><span style=\"color: #ffffff;\">l\u00e0 th\u01b0\u01a1ng hi\u1ec7u h\u00e0ng \u0111\u1ea7u th\u1ebf gi\u1edbi t\u1edbi t\u1eeb nh\u1eadt b\u1ea3n v\u1edbi c\u00e1c d\u00f2ng s\u1ea3n ph\u1ea9m n\u1ed5i b\u1eadt v\u01b0\u1ee3t tr\u1ed9i v\u1ec1 m\u00e1y m\u00f3c ph\u1ee5c v\u1ee5 n\u00f4ng l\u00e2m nghi\u1ec7p v\u00e0 x\u00e2y d\u1ef1ng<\/span><\/p>\n<p><span style=\"color: #ffffff;\">C\u1ee5 th\u1ec3 \u0111\u1ed1i v\u1edbi <strong>\u0111\u1ed9ng c\u01a1 d\u1ea7u<\/strong> c\u1ee7a ho\u1eb7c \u0111\u1ed9ng c\u01a1 ch\u1ea1y x\u0103ng g\u1ea7n nh\u01b0 v\u01b0\u1ee3t tr\u1ed9i h\u01a1n c\u00e1c \u0111\u1ed1i th\u1ee7 c\u00f9ng ph\u00e2n kh\u00fac. N\u1ebfu c\u00e1c b\u1ea1n t\u00ecm hi\u1ec3u c\u00e1c d\u00f2ng m\u00e1y l\u1edbn s\u1eed d\u1ee5ng \u0111\u1ed9ng c\u01a1 d\u1ea7u diesel nh\u01b0 <strong><em>M\u00e1y ph\u00e1t \u0111i\u1ec7n nh\u1eadt c\u0169 c\u00f4ng su\u1ea5t l\u1edbn<\/em><\/strong>, <strong><em>m\u00e1y c\u00e0y ng\u1ed3i l\u00e1i c\u0169 nh\u1eadt<\/em><\/strong>\u2026\u2026\u2026. th\u00ec \u0111\u1ec1u nh\u1eadn th\u1ea5y \u0111\u1ed9ng c\u01a1 \u0111\u01b0\u1ee3c l\u1eafp l\u00ean nh\u1eefng chi\u1ebfc m\u00e1y \u0111\u00f3 r\u1ea5t nhi\u1ec1u<\/span><\/p>\n<p><span style=\"color: #ffffff;\"><strong>M\u00e1y phun thu\u1ed1c tr\u1eeb s\u00e2u 4HP<\/strong> c\u0169ng l\u00e0 m\u1ed9t trong nh\u1eefng ng\u00e0nh h\u00e0ng m\u00e0\u00a0 t\u1eadp trung ph\u00e1t tri\u1ec3n m\u1ea1nh v\u1edbi c\u00e1c \u01b0u \u0111i\u1ec3m<\/span><\/p>\n<p>\u00a0<\/p>\n<p><span style=\"color: #ffffff;\"><strong>\u0110\u1ed9ng c\u01a1 ch\u1ea5t l\u01b0\u1ee3ng cao<\/strong><\/span><\/p>\n<p><span style=\"color: #ffffff;\">C\u00f9ng l\u00e0 <strong><em>\u0111\u1ed9ng c\u01a1 x\u0103ng<\/em><\/strong> GH170 c\u00f4ng su\u1ea5t 6.0HP c\u1ed1t x\u00e9o tua ch\u1eadm 1800v\/p t\u01b0\u01a1ng \u0111\u01b0\u01a1ng v\u1edbi c\u00e1c lo\u1ea1i \u0111\u1ed9ng c\u01a1 m\u00e1y x\u1edbi v\u00e9t r\u00e3nh l\u00ean lu\u1ed1ng nh\u1eadt b\u1ea3n c\u1ee7a\u00a0<\/span><\/p>\n<p><span style=\"color: #ffffff;\">S\u1eed d\u1ee5ng ch\u1ebf h\u00f2a kh\u00ed Mikuni si\u00eau ti\u1ebft ki\u1ec7m nhi\u00ean li\u1ec7u l\u1ea1i b\u1ec1n b\u1ec9 v\u00e0 r\u1ea5t \u0111\u01b0\u1ee3c \u01b0a chu\u1ed9ng so v\u1edbi c\u00e1c lo\u1ea1i ch\u1ebf kh\u00e1c<\/span><\/p>\n<p><span style=\"color: #ffffff;\">L\u1ed1c m\u00e1y \u0111\u01b0\u1ee3c l\u00e0m gia c\u00f4ng d\u1ea7y d\u1eb7n ch\u1ed1ng \u0103n m\u00f2n t\u1ea1o tu\u1ed5i th\u1ecd cao v\u01b0\u1ee3t tr\u1ed9i h\u01a1n so v\u1edbi c\u00e1c d\u00f2ng \u0111\u1ed9ng c\u01a1 c\u00f9ng ph\u00e2n kh\u00fac k\u1ec3 c\u1ea3 <strong><em>\u0111\u1ed9ng c\u01a1 x\u0103ng Honda Gx200<\/em><\/strong><\/span><\/p>\n<p>\u00a0<\/p>\n<p><span style=\"color: #ffffff;\"><strong>\u0110\u1ea7u x\u1ecbt \u00e1p l\u1ef1c cao<\/strong><\/span><\/p>\n<p><span style=\"color: #ffffff;\">S\u1eed d\u1ee5ng \u0111\u1ea7u x\u1ecbt \u00e1p l\u1ef1c cao Olympia c\u00f4ng su\u1ea5t 4HP ph\u00f9 h\u1ee3p v\u1edbi tua v\u00f2ng t\u1eeb 700 \u2013 1500v\/p \u00e1p l\u1ef1c 50kgf\/cm2<\/span><\/p>\n<p><span style=\"color: #ffffff;\">V\u1edbi th\u00f4ng s\u1ed1 nh\u01b0 v\u1eady th\u00ec m\u00e1y c\u00f3 th\u1ec3 phun xa k\u00e9o c\u00e1c lo\u1ea1i d\u00e2y d\u00e0i l\u00ean t\u1edbi v\u00e0i tr\u0103m m\u00e9t m\u1ed9t c\u00e1ch \u0111\u01a1n gi\u1ea3n v\u00e0 v\u00f4 c\u00f9ng d\u1ec5 d\u00e0ng<\/span><br \/><span style=\"color: #ffffff;\">Tel: Nh\u1eadt : <a style=\"color: #ffffff;\" href=\"tel:0778448656\">0778.448.656<\/a><\/span><\/p>\n<p><span style=\"color: #ffffff;\">Ph\u00f9 h\u1ee3p v\u1edbi c\u00e1c lo\u1ea1i v\u01b0\u1eddn c\u00e2y \u0103n tr\u00e1i farm trang tr\u1ea1i di\u1ec7n t\u00edch r\u1ed9ng m\u00e1y c\u1ef1c k\u1ef3 hi\u1ec7u qu\u1ea3 h\u01a1n so v\u1edbi c\u00e1c ph\u01b0\u01a1ng th\u1ee9c phun t\u01b0\u1edbi truy\u1ec1n th\u1ed1ng<\/span><\/p>\n<p>\u00a0<\/p>\n<p><span style=\"color: #ffffff;\"><strong>T\u1ef1 h\u00e0nh <\/strong><\/span><\/p>\n<p><span style=\"color: #ffffff;\">M\u00e1y c\u00f3 c\u01a1 ch\u1ebf h\u1ed9p s\u1ed1 lai tr\u1ee5c chuy\u1ec3n \u0111\u1ed9ng t\u1ef1 h\u00e0nh t\u1ef1 di chuy\u1ec3n b\u1eb1ng 4 b\u00e1nh nh\u1edd s\u1ee9c k\u00e9o c\u1ee7a \u0111\u1ed9ng c\u01a1 truy\u1ec1n \u0111\u1ed9ng xu\u1ed1ng h\u1ec7 th\u1ed1ng b\u00e1nh r\u0103ng lai<\/span><\/p>\n<p><span style=\"color: #ffffff;\">Do \u0111\u00f3 c\u1ef1c k\u1ef3 thu\u1eadn ti\u1ec7n b\u1ea1n c\u00f3 th\u1ec3 di chuy\u1ec3n b\u1ea5t k\u1ef3 \u0111\u00e2u hay k\u1ec3 c\u1ea3 leo d\u1ed1c \u0111\u1ed3i r\u1eebng m\u00e0 ko h\u1ec1 v\u1ea5t v\u1ea3 nh\u01b0 vi\u1ec7c s\u1eed d\u1ee5ng nh\u1eefng b\u1ed9 phun thu\u1ed1c k\u00edch th\u01b0\u1edbc l\u1edbn truy\u1ec1n th\u1ed1ng<\/span><\/p>\n<p><span style=\"color: #ffffff;\"><strong>C\u00f3 c\u01a1 c\u1ea5u cu\u1ed1n t\u1ef1 \u0111\u1ed9ng<\/strong><\/span><\/p>\n<p><span style=\"color: #ffffff;\">S\u1eed d\u1ee5ng ch\u1ebf \u0111\u1ed9 lai truy\u1ec1n c\u01a1 c\u1ea5u cu\u1ed1n lu t\u1ef1 \u0111\u1ed9ng ch\u1ec9 v\u1edbi 1 thao t\u00e1c v\u00f4 c\u00f9ng \u0111\u01a1n gi\u1ea3n m\u00e1y c\u00f3 th\u1ec3 t\u1ef1 thu v\u00e0 t\u1ef1 d\u00e3n cu\u1ed1n d\u00e2y c\u1ef1c k\u1ef3 nh\u1eb9 nh\u00e0ng thu\u1eadn ti\u1ec7n<\/span><\/p>\n<p><span style=\"color: #ffffff;\">Ngo\u00e0i ra c\u00f2n c\u00f3 s\u1eb5n b\u1ea3ng m\u1ea1ch c\u1ea7n \u0103ng ten t\u00edn hi\u1ec7u m\u00e1y c\u00f3 th\u1ec3 \u0111i\u1ec3u khi\u1ec3n thu cu\u1ed1n d\u00e2y t\u1eeb xa r\u1ea5t d\u1ec5 d\u00e0ng v\u00e0 \u0111\u01a1n gi\u1ea3n<\/span><\/p>\n<p><span style=\"color: #ffffff;\">Ch\u1ec9 c\u1ea7n 1 ng\u01b0\u1eddi thao t\u00e1c v\u1eadn h\u00e0nh kh\u00f4ng t\u1ed1n nh\u00e2n l\u1ef1c nh\u01b0 nh\u1eefng ph\u01b0\u01a1ng ph\u00e1p phun thu\u1ed1c truy\u1ec1n th\u1ed1ng<\/span><\/p>\n<p><span style=\"color: #ffffff;\"><strong>Gi\u00e1 th\u00e0nh h\u1ee3p l\u00fd<\/strong><\/span><\/p>\n<p><span style=\"color: #ffffff;\">M\u1ed9t b\u1ed9 <strong><em>m\u00e1y phun thu\u1ed1c tr\u1eeb s\u00e2u<\/em><\/strong> \u0111a d\u1ea1ng ch\u1ee9c n\u0103ng lu cu\u1ed1n t\u1ef1 \u0111\u1ed9ng, t\u1ef1 h\u00e0nh, khung s\u01b0\u1eddn v\u00f4 c\u00f9ng ch\u1eafc ch\u1eafn ngo\u00e0i ra \u0111\u1ed9ng c\u01a1 ch\u1ea5t l\u01b0\u1ee3ng cao ti\u1ebft ki\u1ec7m nhi\u00ean li\u1ec7u<\/span><\/p>\n<p><span style=\"color: #ffffff;\">\u0110\u1ea7u \u00e1p kh\u1ecfe b\u1ec1n b\u1ec9 v\u01b0\u1ee3t tr\u1ed9i tuy l\u00e0 <strong><em>m\u00e1y phun thu\u1ed1c nh\u1eadt b\u00e3i<\/em><\/strong> \u0111\u00e3 qua s\u1eed d\u1ee5ng nh\u01b0ng 4HP ch\u1ec9 ngang v\u1edbi nh\u1eefng chi\u1ebfc m\u00e1y Trung qu\u1ed1c r\u1ebb tr\u00ean th\u1ecb tr\u01b0\u1eddng nh\u01b0ng l\u1ea1i c\u1ef1c.<\/span><\/p>\n<p>\u00a0<\/p>\n<p>\u00a0<\/p>\n<p>\u00a0<\/p>\n\n","protected":false},"excerpt":{"rendered":"","protected":false},"author":1,"featured_media":0,"parent":0,"menu_order":0,"comment_status":"closed","ping_status":"closed","template":"","meta":{"footnotes":""},"class_list":["post-25","page","type-page","status-publish","hentry"],"_links":{"self":[{"href":"https:\/\/dichvulamnhanhchong.com\/index.php\/wp-json\/wp\/v2\/pages\/25","targetHints":{"allow":["GET"]}}],"collection":[{"href":"https:\/\/dichvulamnhanhchong.com\/index.php\/wp-json\/wp\/v2\/pages"}],"about":[{"href":"https:\/\/dichvulamnhanhchong.com\/index.php\/wp-json\/wp\/v2\/types\/page"}],"author":[{"embeddable":true,"href":"https:\/\/dichvulamnhanhchong.com\/index.php\/wp-json\/wp\/v2\/users\/1"}],"replies":[{"embeddable":true,"href":"https:\/\/dichvulamnhanhchong.com\/index.php\/wp-json\/wp\/v2\/comments?post=25"}],"version-history":[{"count":9,"href":"https:\/\/dichvulamnhanhchong.com\/index.php\/wp-json\/wp\/v2\/pages\/25\/revisions"}],"predecessor-version":[{"id":47,"href":"https:\/\/dichvulamnhanhchong.com\/index.php\/wp-json\/wp\/v2\/pages\/25\/revisions\/47"}],"wp:attachment":[{"href":"https:\/\/dichvulamnhanhchong.com\/index.php\/wp-json\/wp\/v2\/media?parent=25"}],"curies":[{"name":"wp","href":"https:\/\/api.w.org\/{rel}","templated":true}]}}